{"id":3241,"date":"2023-04-11T07:49:43","date_gmt":"2023-04-11T05:49:43","guid":{"rendered":"https:\/\/ipsilon.ch\/mitglieder\/"},"modified":"2024-04-16T11:50:00","modified_gmt":"2024-04-16T09:50:00","slug":"membres","status":"publish","type":"page","link":"https:\/\/ipsilon.ch\/fr\/nous-nous-presentons\/membres\/","title":{"rendered":"Membres"},"content":{"rendered":"<div class=\"wpb-content-wrapper\"><p>[vc_row overlay_dotted=\u00a0\u00bb\u00a0\u00bb css=\u00a0\u00bb.vc_custom_1507190800269{margin-right: 0px !important;margin-left: 0px !important;}\u00a0\u00bb][vc_column css=\u00a0\u00bb.vc_custom_1507190791644{padding-right: 0px !important;padding-left: 0px !important;}\u00a0\u00bb][vc_column_text]<\/p>\n<h1>Membres<\/h1>\n<div>\n<h3>AUSSERRHODER B\u00dcNDNIS GEGEN DEPRESSION<\/h3>\n<p>c\/o Psychiatrisches Zentrum Appenzell Ausserrhoden<br \/>\nKrombach \/ Postfach<br \/>\n9101 Herisau<br \/>\n<a href=\"http:\/\/www.buendnis-depression.ar.ch\/\">http:\/\/www.buendnis-depression.ar.ch\/<\/a><\/p>\n<\/div>\n<div>\n<h3>BERNER B\u00dcNDNIS GEGEN DEPRESSION<\/h3>\n<p><a href=\"mail:%20werner.fey@puk.unibe.ch\">http:\/\/www.berner-buendnis-depression.ch\/<br \/>\n<\/a>mail:\u00a0<a href=\"mailto:werner.fey@puk.unibe.ch\">werner.fey@puk.unibe.ch<\/a><\/p>\n<p>Fachgruppe Suizidpr\u00e4vention Kanton Bern<br \/>\nLeitung:\u00a0Rita Suppiger Saier<br \/>\n031 305 50 69<br \/>\nmail:\u00a0<a href=\"mailto:rita.suppiger@143.ch\">rita.suppiger@143.ch<\/a><\/p>\n<\/div>\n<div>\n<h3>BERNER STIFTUNG GESUNDHEIT<\/h3>\n<p><a href=\"http:\/\/www.bernergesundheit.ch\/\">www.bernergesundheit.ch<\/a><br \/>\nmail:\u00a0<a href=\"mailto:philipp.schmutz@beges.ch\">philipp.schmutz@beges.ch<\/a><\/p>\n<p>Fachgruppe Suizidpr\u00e4vention Kanton Bern<br \/>\nLeitung: Rita Suppiger Saier<br \/>\n031 305 50 69<br \/>\nmail:\u00a0<a href=\"mailto:rita.suppiger@143.ch\">rita.suppiger@143.ch<\/a><\/p>\n<\/div>\n<div>\n<h3>B\u00dcNDNER B\u00dcNDNIS GEGEN DEPRESSION<\/h3>\n<p><a href=\"http:\/\/www.buendnis-gr.ch\/\">www.buendnis-gr.ch<\/a><\/p>\n<p>Kontakt via Gesch\u00e4ftsstelle \/\u00a0 Homepage Kontaktformular<\/p>\n<\/div>\n<div>\n<h3>CHILDREN ACTION<\/h3>\n<p>Fondation pour la Protection de l&rsquo;Enfance, Gen\u00e8ve<\/p>\n<p><a href=\"http:\/\/www.childrenaction.org\/\" target=\"_blank\" rel=\"noopener\">www.childrenaction.org<\/a><\/p>\n<p>Mail\u00a0<a href=\"mailto:children@prolink.ch\">children@prolink.ch<\/a><\/p>\n<p>&nbsp;<\/p>\n<\/div>\n<div>\n<h3>Verein trauernetz<\/h3>\n<p>H\u00f6hestrasse 80<br \/>\n8702 Zollikon<br \/>\n<span class=\"contact-block__label\">Mobile:<\/span><span class=\"contact-block__text\">+4176 598 45 30<br \/>\n<\/span><a href=\"mailto:\">info@trauernetz.ch<\/a><br \/>\n<a href=\"http:\/\/www.trauernetz.ch\">www.trauernetz.ch<\/a><\/p>\n<p>&nbsp;<\/p>\n<\/div>\n<div>\n<h3>F\u00d6DERATION DER SCHWEIZER PSYCHOLOGINNEN UND PSYCHOLOGEN (FSP)<\/h3>\n<p><a href=\"http:\/\/www.psychologie.ch\/\" target=\"_blank\" rel=\"noopener\">www.psychologie.ch<\/a><\/p>\n<p>Mail\u00a0<a href=\"mailto:fsp@fsp.psychologie.ch\">fsp@fsp.psychologie.ch<\/a><\/p>\n<p>&nbsp;<\/p>\n<\/div>\n<div>\n<h3>FORUM F\u00dcR SUIZIDPR\u00c4VENTION UND SUIZIDFORSCHUNG Z\u00dcRICH (FSSZ)<\/h3>\n<p>c\/o\u00a0Herr Dr. phil. Vladeta Ajdacic-Gross<\/p>\n<p>PUK Z\u00fcrich, Klinik f\u00fcr Soziale Psychiatrie + Allgemeinpsychiatrie ZH West<\/p>\n<p>Postfach 1930<\/p>\n<p>Milit\u00e4rstr. 8<br \/>\n8021 Z\u00fcrich<\/p>\n<p><a href=\"mailto:vajdacic@dgsp.uzh.ch\" target=\"_blank\" rel=\"noopener\">Mail<\/a><\/p>\n<p>Homepage\u00a0<a href=\"http:\/\/fssz.ch\/\" target=\"_blank\" rel=\"noopener\">http:\/\/fssz.ch<\/a><\/p>\n<p>&nbsp;<\/p>\n<\/div>\n<div>\n<h3>H\u00d4PITAUX UNIVERSITAIRES DE GEN\u00c8VE (HCUG)<\/h3>\n<p><a href=\"http:\/\/www.hug-ge.ch\/\">www.hug-ge.ch<\/a><br \/>\nmail:\u00a0<a href=\"mailto:suicide.prevention@hcuge.ch\">suicide.prevention@hcuge.ch<\/a><\/p>\n<\/div>\n<div>\n<h3>KANTON ZUG<\/h3>\n<p>Gesundheitsamt des Kantuns Zug<br \/>\nAegeristrasse 56, 6300 Zug<\/p>\n<p><a href=\"http:\/\/www.psychische-gesundheit-zug.ch\/\">www.psychische-gesundheit-zug.ch<\/a><\/p>\n<\/div>\n<div>\n<h3>NEBELMEER<\/h3>\n<p>Perspektiven nach dem Suizid eines Elternteils.<br \/>\nGef\u00fchrte Selbsthilfegruppen in Bern, Biel und Z\u00fcrich<br \/>\n<a href=\"http:\/\/www.nebelmeer.net\/\" target=\"_blank\" rel=\"noopener\">www.nebelmeer.net<\/a><br \/>\nmail:\u00a0<a href=\"mailto:box@nebelmeer.net\">box@nebelmeer.net<\/a><\/p>\n<\/div>\n<div>\n<h3>PARLONS-EN NEUCH\u00c2TEL<\/h3>\n<p><a href=\"http:\/\/www.suicide-parlons-en.ch\/\" target=\"_blank\" rel=\"noopener\">www.suicide-parlons-en.ch<\/a><\/p>\n<p>mail:\u00a0<a href=\"mailto:info@suicide-parlons-en.ch\">info@suicide-parlons-en.ch<\/a><\/p>\n<p>&nbsp;<\/p>\n<\/div>\n<div>\n<h3>PARSPAS, VALAIS<\/h3>\n<p><a href=\"http:\/\/www.parspas.ch\/\" target=\"_blank\" rel=\"noopener\">www.parspas.ch<\/a><\/p>\n<p>Mail:\u00a0<a href=\"mailto:info@parspas.ch\">info@parspas.ch<\/a><\/p>\n<p>Urgence (\u00e9coute uniquement, 24h\/24): +41 027- 321 21 21<\/p>\n<p>pour questions urgentes:\u00a0<a href=\"mailto:help@parspas.ch\">help@parspas.ch<\/a><\/p>\n<p>&nbsp;<\/p>\n<\/div>\n<div>\n<h3>PRO MENTE SANA<\/h3>\n<p>Mail\u00a0<a href=\"mailto:kontakt@promentesana.ch\">kontakt@promentesana.ch<\/a><\/p>\n<p>Homepage\u00a0<a href=\"http:\/\/www.promentesana.ch\/\" target=\"_blank\" rel=\"noopener\">http:\/\/www.promentesana.ch<\/a><\/p>\n<p>&nbsp;<\/p>\n<\/div>\n<div>\n<h3>R\u00c9SISTE, JURA<\/h3>\n<p><a href=\"http:\/\/www.resiste.ch\/\" target=\"_blank\" rel=\"noopener\">www.resiste.ch<\/a><br \/>\nmail:\u00a0<a href=\"mailto:info@resiste.ch\">info@resiste.ch<\/a><\/p>\n<\/div>\n<div>\n<h3>SCHWEIZERISCHE EVANGELISCHE ALLIANZ<\/h3>\n<p><a href=\"http:\/\/www.each.ch\/\" target=\"_blank\" rel=\"noopener\">www.each.ch<\/a><\/p>\n<p>mail:\u00a0<a href=\"mailto:info@each.ch\">info@each.ch<\/a><\/p>\n<p>&nbsp;<\/p>\n<\/div>\n<div>\n<h3>SCHWEIZERISCHE GESELLSCHAFT F\u00dcR KINDER- UND JUGENDPSYCHIATRIE UND -PSYCHOTHERAPIE<\/h3>\n<p><a href=\"http:\/\/www.sgkjpp.ch\/\" target=\"_blank\" rel=\"noopener\">www.sgkjpp.ch<\/a><\/p>\n<p>Mail\u00a0<a href=\"mailto:sgkjpp-ssppea@hofer-advokatur.ch\">sgkjpp-ssppea@hofer-advokatur.ch<\/a><\/p>\n<p>&nbsp;<\/p>\n<\/div>\n<div>\n<h3>SCHWEIZERISCHE GESELLSCHAFT F\u00dcR PSYCHIATRIE UND PSYCHOTHERAPIE<\/h3>\n<p>Mail\u00a0<a href=\"mailto:sgp@psychiatrie.ch\">sgp@psychiatrie.ch<\/a><\/p>\n<p>Homepage\u00a0<a href=\"http:\/\/www.psychiatrie.ch\/\" target=\"_blank\" rel=\"noopener\">http:\/\/www.psychiatrie.ch<\/a><\/p>\n<p>&nbsp;<\/p>\n<\/div>\n<div>\n<h3>ASP ASSOZIATION SCHWEIZER PSYCHOTHERAPEUTINNEN UND PSYCHOTHERAPEUTEN<\/h3>\n<p>Mail\u00a0<a href=\"mailto:asp@psychotherapie.ch\" target=\"_blank\" rel=\"noopener\">asp@psychotherapie.ch<\/a><\/p>\n<p>Homepage\u00a0<a href=\"http:\/\/www.psychotherapie.ch\/\" target=\"_blank\" rel=\"noopener\">http:\/\/www.psychotherapie.ch<\/a><\/p>\n<p>&nbsp;<\/p>\n<\/div>\n<div>\n<h3>SCHWEIZERISCHES ROTES KREUZ<\/h3>\n<p><a href=\"http:\/\/www.redcross.ch\/\">www.redcross.ch<\/a><br \/>\nmail:\u00a0<a href=\"mailto:info@redcross.ch\">info@redcross.ch<\/a><\/p>\n<\/div>\n<div>\n<h3>SCHWEIZERISCHER VERBAND \u00ab\u00a0DIE DARGEBOTENE HAND\u00a0\u00bb<\/h3>\n<p><a href=\"http:\/\/www.143.ch\/\" target=\"_blank\" rel=\"noopener\">www.143.ch<\/a><\/p>\n<p>Mail\u00a0<a href=\"mailto:verband@tel-143.ch\">verband@tel-143.ch<\/a><\/p>\n<p>&nbsp;<\/p>\n<\/div>\n<div>\n<h3 style=\"font-weight: 400;\"><strong>Association Pr\u00e9vention Suicide Fribourg Pr\u00e9SuiFri<\/strong><\/h3>\n<p style=\"font-weight: 400;\">Les Vuesseyres 12<\/p>\n<p style=\"font-weight: 400;\">1637 Charmey<\/p>\n<p style=\"font-weight: 400;\"><a href=\"mailto:info@fr-preventionsuicide.ch\">info@fr-preventionsuicide.ch<\/a><\/p>\n<p style=\"font-weight: 400;\">www.fr-preventionsuicide.ch<\/p>\n<div class=\"WordSection1\"><\/div>\n<\/div>\n<div>\n<h3>STOP SUICIDE<\/h3>\n<p>c\/o Maison des Associations<\/p>\n<p>Rue des Savoises 15<\/p>\n<p>1205 Gen\u00e8ve<\/p>\n<p>fon +41 22 320 55 67<\/p>\n<p>fax +41 22 320 55 67<\/p>\n<p>Mail\u00a0<a href=\"mailto:info@stopsuicide.ch\">info@stopsuicide.ch<\/a><\/p>\n<p>Homepage\u00a0<a href=\"http:\/\/www.stopsuicide.ch\/\" target=\"_blank\" rel=\"noopener\">www.stopsuicide.ch<\/a><\/p>\n<p>&nbsp;<\/p>\n<\/div>\n<div>\n<h3>SUIZID-NETZ AARGAU<\/h3>\n<p>c\/o Telefon 143<\/p>\n<p>Die Dargebotene Hand<\/p>\n<p>Aargau\/Solothurn Ost<\/p>\n<p>Postfach 2645<\/p>\n<p>5001 Aarau<\/p>\n<p>062 824 84 44<\/p>\n<p><a href=\"mailto:info@suizid-netz-aargau.ch\">E-Mail<\/a><\/p>\n<p>Homepage:\u00a0<a href=\"http:\/\/www.suizid-netz-aargau.ch\/\">www.suizid-netz-aargau.ch<\/a><\/p>\n<p>&nbsp;<\/p>\n<\/div>\n<div>\n<h3>VERBINDUNG DER SCHWEIZER \u00c4RZTINNEN UND \u00c4RZTE (FMH)<\/h3>\n<p>Elfenstrasse 18<\/p>\n<p>3006 Bern<\/p>\n<p>Postfach 293, 300 Bern 16<\/p>\n<p>fon +41 31 359 11 11<\/p>\n<p>Fax +41 31 359 11 12<\/p>\n<p>Mail\u00a0<a href=\"mailto:fmhinfo@hin.ch\">fmhinfo@hin.ch<\/a><\/p>\n<p>Homepage\u00a0<a href=\"http:\/\/www.fmh.ch\/\" target=\"_blank\" rel=\"noopener\">http:\/\/www.fmh.ch<\/a><\/p>\n<p>&nbsp;<\/p>\n<\/div>\n<div>\n<h3>VEREIN EQUILIBRIUM<\/h3>\n<p>Verein zur Bew\u00e4ltigung von Depressionen<\/p>\n<p>Sekretariat: Ibelweg 20<\/p>\n<p>6300 Zug<\/p>\n<p>fon +41 0848 143 144<\/p>\n<p>Mail\u00a0<a href=\"mailto:info@depressionen.ch\">info@depressionen.ch<\/a><\/p>\n<p>Homepage\u00a0<a href=\"http:\/\/www.depressionen.ch\/\" target=\"_blank\" rel=\"noopener\">http:\/\/www.depressionen.ch<\/a><\/p>\n<p>&nbsp;<\/p>\n<\/div>\n<div>\n<h3>VEREIN REFUGIUM<\/h3>\n<p>fon 0848 00 18 88 (Telefongeb\u00fchren: Lokaltarif Swisscom)<\/p>\n<p>Mail\u00a0<a href=\"mailto:Mailinfo@verein-refugium.ch\">info@verein-refugium.ch<\/a><\/p>\n<p>Homepage\u00a0<a href=\"http:\/\/www.verein-refugium.ch\/\" target=\"_blank\" rel=\"noopener\">www.verein-refugium.ch<\/a><\/p>\n<p>&nbsp;<\/p>\n<\/div>\n<div>\n<h3>VEREIN REGENBOGEN SCHWEIZ<\/h3>\n<p><a href=\"http:\/\/www.verein-regenbogen.ch\/\" target=\"_blank\" rel=\"noopener\">www.verein-regenbogen.ch<\/a><br \/>\n<a href=\"http:\/\/www.lifewith.ch\/\" target=\"_blank\" rel=\"noopener\">www.lifewith.ch<\/a><\/p>\n<p>Kontakt und Sekretariat:\u00a0<a href=\"mailto:info@verein-regenbogen.ch\">info@verein-regenbogen.ch<\/a><\/p>\n<\/div>\n<p>[\/vc_column_text][\/vc_column][\/vc_row]<\/p>\n<\/div>","protected":false},"excerpt":{"rendered":"[vc_row overlay_dotted=\u00a0\u00bb\u00a0\u00bb css=\u00a0\u00bb.vc_custom_1507190800269{margin-right: 0px !important;margin-left: 0px !important;}\u00a0\u00bb][vc_column css=\u00a0\u00bb.vc_custom_1507190791644{padding-right: 0px !important;padding-left: 0px !important;}\u00a0\u00bb][vc_column_text] Membres AUSSERRHODER B\u00dcNDNIS GEGEN DEPRESSION c\/o Psychiatrisches Zentrum Appenzell Ausserrhoden Krombach \/ Postfach 9101 Herisau http:\/\/www.buendnis-depression.ar.ch\/ BERNER B\u00dcNDNIS GEGEN DEPRESSION http:\/\/www.berner-buendnis-depression.ch\/ mail:\u00a0werner.fey@puk.unibe.ch Fachgruppe Suizidpr\u00e4vention Kanton Bern Leitung:\u00a0Rita Suppiger Saier 031 305 50 69 mail:\u00a0rita.suppiger@143.ch BERNER STIFTUNG GESUNDHEIT www.bernergesundheit.ch mail:\u00a0philipp.schmutz@beges.ch Fachgruppe Suizidpr\u00e4vention Kanton Bern &#8230;","protected":false},"author":1,"featured_media":0,"parent":3250,"menu_order":0,"comment_status":"closed","ping_status":"closed","template":"","meta":{"footnotes":""},"class_list":["post-3241","page","type-page","status-publish","hentry"],"_links":{"self":[{"href":"https:\/\/ipsilon.ch\/fr\/wp-json\/wp\/v2\/pages\/3241","targetHints":{"allow":["GET"]}}],"collection":[{"href":"https:\/\/ipsilon.ch\/fr\/wp-json\/wp\/v2\/pages"}],"about":[{"href":"https:\/\/ipsilon.ch\/fr\/wp-json\/wp\/v2\/types\/page"}],"author":[{"embeddable":true,"href":"https:\/\/ipsilon.ch\/fr\/wp-json\/wp\/v2\/users\/1"}],"replies":[{"embeddable":true,"href":"https:\/\/ipsilon.ch\/fr\/wp-json\/wp\/v2\/comments?post=3241"}],"version-history":[{"count":3,"href":"https:\/\/ipsilon.ch\/fr\/wp-json\/wp\/v2\/pages\/3241\/revisions"}],"predecessor-version":[{"id":3715,"href":"https:\/\/ipsilon.ch\/fr\/wp-json\/wp\/v2\/pages\/3241\/revisions\/3715"}],"up":[{"embeddable":true,"href":"https:\/\/ipsilon.ch\/fr\/wp-json\/wp\/v2\/pages\/3250"}],"wp:attachment":[{"href":"https:\/\/ipsilon.ch\/fr\/wp-json\/wp\/v2\/media?parent=3241"}],"curies":[{"name":"wp","href":"https:\/\/api.w.org\/{rel}","templated":true}]}}