{"id":3240,"date":"2023-04-11T08:03:21","date_gmt":"2023-04-11T06:03:21","guid":{"rendered":"https:\/\/ipsilon.ch\/strategie-und-ziele\/"},"modified":"2023-08-29T11:15:54","modified_gmt":"2023-08-29T09:15:54","slug":"strategie-et-buts","status":"publish","type":"page","link":"https:\/\/ipsilon.ch\/fr\/nous-nous-presentons\/strategie-et-buts\/","title":{"rendered":"Strat\u00e9gie et buts"},"content":{"rendered":"<div class=\"wpb-content-wrapper\"><p>[vc_row overlay_dotted=\u00a0\u00bb\u00a0\u00bb css=\u00a0\u00bb.vc_custom_1507190800269{margin-right: 0px !important;margin-left: 0px !important;}\u00a0\u00bb][vc_column css=\u00a0\u00bb.vc_custom_1507190791644{padding-right: 0px !important;padding-left: 0px !important;}\u00a0\u00bb][vc_column_text]<\/p>\n<h1>STRAT\u00c9GIE ET BUTS<\/h1>\n<p>[\/vc_column_text][\/vc_column][\/vc_row][vc_row overlay_dotted=\u00a0\u00bb\u00a0\u00bb css=\u00a0\u00bb.vc_custom_1507190800269{margin-right: 0px !important;margin-left: 0px !important;}\u00a0\u00bb][vc_column css=\u00a0\u00bb.vc_custom_1507190791644{padding-right: 0px !important;padding-left: 0px !important;}\u00a0\u00bb][vc_column_text]<\/p>\n<div id=\"webiqcontent\">\n<p><strong>POULIE DE GUIDAGE<\/strong><\/p>\n<p><strong>IPSILON est le leader national en pr\u00e9vention du suicide. Elle soutient, coordonne et met en r\u00e9seau les institutions, organisations, groupes et programmes op\u00e9rationnels dans le domaine de la pr\u00e9vention du suicide. Essentiellement par la promotion des connaissances, l\u2019\u00e9laboration de politiques, l\u2019information et la coordination ainsi que par l\u2019\u00e9ducation, la formation et la formation continue.<\/strong><\/p>\n<p>&nbsp;<\/p>\n<div id=\"wpdevart_org_chart_1\" class=\"wpdevart_org_chart\"><div class=\"wpdevart_org_chart_container_parent\" id=\"wpdevart_org_chart_container_parent_1\"><div class=\"wpdevart_org_chart_container \" id=\"wpdevart_org_chart_container_1\"><ul ><li class=\"has_children next_no_children\" data-children=3><div class=\"wpda_tree_item_container\" id=\"wpda_item_container_1\" ><span class=\"wpda_tree_line\"><\/span><div class=\"\"><div tabindex=\"0\" class=\"wpda_tree_item_title \">Capitaux  pr\u00e9vention du Suicide Suisse<\/div><div tabindex=\"0\" class=\"wpda_tree_item_desc \"><\/div><\/div><\/div><ul ><li class=\"no_children next_no_children\" data-children=0><div class=\"wpda_tree_item_container\" id=\"wpda_item_container_2\" ><span class=\"wpda_tree_line\"><\/span><div class=\"\"><div tabindex=\"0\" class=\"wpda_tree_item_title \">D\u00e9veloppement politique<\/div><div tabindex=\"0\" class=\"wpda_tree_item_desc \"><\/div><\/div><\/div><\/li><li class=\"no_children next_no_children\" data-children=0><div class=\"wpda_tree_item_container\" id=\"wpda_item_container_3\" ><span class=\"wpda_tree_line\"><\/span><div class=\"\"><div tabindex=\"0\" class=\"wpda_tree_item_title \">Information et coordination<\/div><div tabindex=\"0\" class=\"wpda_tree_item_desc \"><\/div><\/div><\/div><\/li><li class=\"no_children next_no_children\" data-children=0><div class=\"wpda_tree_item_container\" id=\"wpda_item_container_4\" ><span class=\"wpda_tree_line\"><\/span><div class=\"\"><div tabindex=\"0\" class=\"wpda_tree_item_title \">Promotion des connaissances<\/div><div tabindex=\"0\" class=\"wpda_tree_item_desc \"><\/div><\/div><\/div><\/li><\/ul><\/li><\/ul><\/div><\/div><\/div><script>document.addEventListener(\"DOMContentLoaded\", function(event) { var wpda_org_chart_1= new wpdevart_org_chart_front(\"wpdevart_org_chart_container_1\",{mobile_frendly:\"mobile\",mobile_size:450,def_scroll:0, zoomable:\"disable\", draggable:\"disable\", default_zoom:\"100\", max_zoomable:\"1\", min_zoomable:\"10\", zoom_speed:\"10\"})});<\/script><style>#wpdevart_org_chart_container_1{\r\n\t\t\tbackground-image: linear-gradient(to right, #ffffff, #ffffff);\r\n\t\t\tpadding-top:20px;\r\n\t\t\tpadding-right:;\r\n\t\t\tpadding-bottom:20px;\r\n\t\t\tpadding-left:0px;\r\n\t\t\tborder-style: ;\r\n\t\t\tborder-color: ;\r\n\t\t\tborder-width: ;\r\n\t\t\tborder-radius: 0px;  \r\n\t\t}#wpdevart_org_chart_container_1 li{margin-top: 1px;}#wpdevart_org_chart_container_1 ul ul::before{left: calc(50% - 0.5px);\r\n\t\t\tborder-left: 1px solid #cccccc;\r\n\t\t\theight: 21px;\r\n\t\t\ttop: 0px;\r\n\t\t}#wpdevart_org_chart_container_1 li::before, #wpdevart_org_chart_container_1 li::after{\r\n\t\t\ttop: -1px;\r\n\t\t\tright: calc(50% - 0.5px);\r\n\t\t\twidth: calc(50% + 1px);\r\n\t\t\tborder-top: 1px solid #cccccc;\r\n\t\t\theight: 21px;\r\n\t\t}#wpdevart_org_chart_container_1 li:after{\r\n\t\t\tleft: calc(50% - 0.5px);\r\n\t\t\tborder-left: 1px solid #cccccc;\r\n\t\t}#wpdevart_org_chart_container_1 li:last-child::before{\r\n\t\t\tborder-right: 1px solid #cccccc;\r\n\t\t}#wpdevart_org_chart_container_1 li:first-child::before, #wpdevart_org_chart_container_1 li:last-child::after {\r\n\t\t  border: 0 none;\r\n\t\t}@media screen and (max-width: 1000px) {#wpdevart_org_chart_container_1{\r\n\t\t\tpadding-top:;\r\n\t\t\tpadding-right:;\r\n\t\t\tpadding-bottom:;\r\n\t\t\tpadding-left:;\t\t\r\n\t\t}}@media screen and (max-width: 450px) {#wpdevart_org_chart_container_1{\r\n\t\t\tpadding-top:;\r\n\t\t\tpadding-right:;\r\n\t\t\tpadding-bottom:;\r\n\t\t\tpadding-left:;\t\t\r\n\t\t}}#wpdevart_org_chart_container_1 .chart_wpda_mobile_after.has_children > ul:before{\r\n\t\t\ttop:-80px;\r\n\t\t\tleft:0px;\r\n\t\t\theight:80px;\r\n\t\t}#wpdevart_org_chart_container_1 .chart_wpda_mobile_after.has_children li .wpda_tree_item_container:after{\r\n\t\t\tborder-top: 1px solid #cccccc;\r\n\t\t}#wpdevart_org_chart_container_1 .chart_wpda_mobile_after.has_children li .wpda_tree_item_container:after{\r\n\t\t\tborder-top: 1px solid #cccccc;\r\n\t\t}#wpdevart_org_chart_container_1 .chart_wpda_mobile_after > ul li{\r\n\t\t\tborder-left:1px solid #cccccc;\r\n\t\t}#wpdevart_org_chart_container_1 .chart_wpda_mobile_after.has_children > .wpda_tree_item_container:before,#wpdevart_org_chart_container_1 .chart_wpda_mobile_after li.has_children > .wpda_tree_item_container:before{\r\n\t\t\tcontent: \"\";\r\n\t\t\tborder-left:1px solid #cccccc;\r\n\t\t}#wpdevart_org_chart_container_1 .chart_wpda_mobile_after li{\r\n\t\t\tmargin-top:0px;\r\n\t\t}#wpdevart_org_chart_container_1 .chart_wpda_mobile_after > ul li:last-child{\r\n\t\t\tborder-left: 0;\r\n\t\t}#wpdevart_org_chart_container_1 .chart_wpda_mobile_after > ul li:last-child > div > span.wpda_tree_line{\r\n\t\t\tborder-left: 1px solid #cccccc;\r\n\t\t}#wpdevart_org_chart_container_1 .chart_wpda_mobile_after.has_children li .wpda_tree_item_container:after {\r\n\t\t\ttop: calc(50% - 0.5px);\r\n\t\t}#wpdevart_org_chart_container_1 .chart_wpda_mobile_after li.has_children li .wpda_tree_item_container:after {\r\n\t\t\ttop: calc(50% - 0.5px);\r\n\t\t}.first_child_hidden#wpdevart_org_chart_container_1 .chart_wpda_mobile_after > ul > li > ul > li:first-child::before{\r\n\t\t\tborder-left: 1px solid #cccccc;\r\n\t\t\ttop: 80px;\r\n\t\t\theight: calc(100% - 80px);\r\n\t\t\tleft:0px;\r\n\t\t\twidth:0px;\r\n\t\t}.first_child_hidden#wpdevart_org_chart_container_1 .chart_wpda_mobile_after > ul > li > div.wpda_tree_item_container:before{\r\n\t\t\tborder:none;\r\n\t\t}#wpdevart_org_chart_container_1 .chart_wpda_mobile_after > ul li:last-child > .wpda_tree_item_container{\r\n\t\t\tpadding-left: 21px;\r\n\t\t}#wpdevart_org_chart_container_1 .chart_wpda_mobile_after > ul li:last-child > .wpda_tree_item_container:after{\r\n\t\t\twidth: 21px;\r\n\t\t}#wpdevart_org_chart_container_1 .chart_wpda_mobile_after > ul li:last-child > .wpda_tree_item_container:before{\r\n\t\t\tleft: 21px;\r\n\t\t}#wpdevart_org_chart_container_1 .chart_wpda_mobile_after > ul li:last-child > ul{\r\n\t\t\tmargin-left: 1px;\r\n\t\t}#wpdevart_org_chart_container_1 .wpdevart_highlight{\r\n\t\t\tbackground-color: #dbe908;\r\n\t\t}.wpda_mobile#wpdevart_org_chart_container_1 li.has_children > ul:before{\r\n\t\t\ttop:-80px;\r\n\t\t\tleft:0px;\r\n\t\t\theight:80px;\r\n\t\t}.wpda_mobile#wpdevart_org_chart_container_1 li.has_children li .wpda_tree_item_container:after{\r\n\t\t\tborder-top: 1px solid #cccccc;\r\n\t\t}#wpdevart_org_chart_container_1 .chart_wpda_mobile_after li.has_children li .wpda_tree_item_container:after{\r\n\t\t\tborder-top: 1px solid #cccccc;\r\n\t\t}.wpda_mobile#wpdevart_org_chart_container_1 > ul > li > ul li{\r\n\t\t\tborder-left:1px solid #cccccc;\r\n\t\t}.wpda_mobile#wpdevart_org_chart_container_1 li.has_children > .wpda_tree_item_container:before{\r\n\t\t\tcontent: \"\";\r\n\t\t\tborder-left:1px solid #cccccc;\r\n\t\t}.wpda_mobile#wpdevart_org_chart_container_1 li{\r\n\t\t\tmargin-top:0px;\r\n\t\t}.wpda_mobile#wpdevart_org_chart_container_1 > ul > li > ul li:last-child{\r\n\t\t\tborder-left: 0;\r\n\t\t}.wpda_mobile#wpdevart_org_chart_container_1 > ul > li > ul li:last-child > div > span.wpda_tree_line{\r\n\t\t\tborder-left: 1px solid #cccccc;\r\n\t\t}.wpda_mobile#wpdevart_org_chart_container_1 li.has_children li .wpda_tree_item_container:after {\r\n\t\t\ttop: calc(50% - 0.5px);\r\n\t\t}#wpdevart_org_chart_container_1 .chart_wpda_mobile_after li.has_children li .wpda_tree_item_container:after {\r\n\t\t\ttop: calc(50% - 0.5px);\r\n\t\t}.wpda_mobile.first_child_hidden#wpdevart_org_chart_container_1 > ul > li > ul > li:first-child::before{\r\n\t\t\tborder-left: 1px solid #cccccc;\r\n\t\t\ttop: 80px;\r\n\t\t\theight: calc(100% - 80px);\r\n\t\t\tleft:0px;\r\n\t\t\twidth:0px;\r\n\t\t}.wpda_mobile.first_child_hidden#wpdevart_org_chart_container_1  > ul > li > div.wpda_tree_item_container:before{\r\n\t\t\tborder:none;\r\n\t\t}.wpda_mobile#wpdevart_org_chart_container_1  > ul > li > ul li:last-child > .wpda_tree_item_container{\r\n\t\t\tpadding-left: 21px;\r\n\t\t}.wpda_mobile#wpdevart_org_chart_container_1  > ul > li > ul li:last-child > .wpda_tree_item_container:after{\r\n\t\t\twidth: 21px;\r\n\t\t}.wpda_mobile#wpdevart_org_chart_container_1  > ul > li > ul li:last-child > .wpda_tree_item_container:before{\r\n\t\t\tleft: 21px;\r\n\t\t}.wpda_mobile#wpdevart_org_chart_container_1 > ul > li > ul li:last-child >ul{\r\n\t\t\tmargin-left: 1px;\r\n\t\t}<\/style>\n<p>Les points capitaux sont:<\/p>\n<ul>\n<li>Mise en forme des informations et de la documentation<\/li>\n<li>Travail d\u2019information dans les domaines de la politique et du public<\/li>\n<li>Mise \u00e0 disposition de concepts et de programmes pour la pr\u00e9vention et la postvention du suicide<\/li>\n<li>Formation, formation continue et formation permanente<\/li>\n<li>D\u00e9veloppement et recherche<\/li>\n<\/ul>\n<\/div>\n<p>[\/vc_column_text][\/vc_column][\/vc_row][vc_row overlay_dotted=\u00a0\u00bb\u00a0\u00bb css=\u00a0\u00bb.vc_custom_1507190800269{margin-right: 0px !important;margin-left: 0px !important;}\u00a0\u00bb][vc_column css=\u00a0\u00bb.vc_custom_1507190791644{padding-right: 0px !important;padding-left: 0px !important;}\u00a0\u00bb][vc_column_text]<\/p>\n<div>\n<h3>D\u00e9veloppement politique<\/h3>\n<\/div>\n<ul>\n<li>Des experts reconnus ainsi que des interlocuteurs pour les autorit\u00e9s, la politique et les organisations fa\u00eeti\u00e8res nationales<\/li>\n<li>Collaboration dans l\u2019\u00e9laboration d\u2019objectifs, de strat\u00e9gies ainsi que de\u00a0 mesures de pr\u00e9vention du suicide<\/li>\n<li>Soutien de projets et d\u2019initiatives nationaux, cantonaux et r\u00e9gionaux<\/li>\n<li>Echange international avec des organismes sp\u00e9cialis\u00e9s<\/li>\n<\/ul>\n<p>[\/vc_column_text][vc_column_text]<\/p>\n<div>\n<h3>Information\/coordination<\/h3>\n<\/div>\n<ul>\n<li>Lieu d\u2019information et de documentation ouvert au public<\/li>\n<li>Plate-forme pour les sp\u00e9cialistes<\/li>\n<li>Informations concernant les points de contact et les experts<\/li>\n<li>Informations et coordination concernant les\u00a0 programmes et projets<\/li>\n<li>Elaboration et collaboration lors de publications (directives, Info-Telex etc.)<\/li>\n<li>Organisation et collaboration de conf\u00e9rences nationales et de congr\u00e8s internationaux<\/li>\n<li>Mise en place et attribution d\u2019un prix pour la pr\u00e9vention du suicide<\/li>\n<\/ul>\n<p>[\/vc_column_text][vc_column_text]<\/p>\n<div>\n<h3>Promotion des connaissances<\/h3>\n<\/div>\n<ul>\n<li>Orientation \u00e0 une pratique optimale et \u00e0 des standards de formation, de formation continue et permanente<\/li>\n<li>Encouragement et soutien de projets de formation continue et de programmes de formation<\/li>\n<li>Information et \u00e9change sur les activit\u00e9s et r\u00e9sultats de la recherche<\/li>\n<\/ul>\n<p>[\/vc_column_text][\/vc_column][\/vc_row][vc_row overlay_dotted=\u00a0\u00bb\u00a0\u00bb css=\u00a0\u00bb.vc_custom_1507190800269{margin-right: 0px !important;margin-left: 0px !important;}\u00a0\u00bb][vc_column css=\u00a0\u00bb.vc_custom_1507190791644{padding-right: 0px !important;padding-left: 0px !important;}\u00a0\u00bb][vc_column_text]<\/p>\n<h3>STATUTS<\/h3>\n<p><a href=\"https:\/\/ipsilon.ch\/wp-content\/uploads\/2023\/04\/Statuten.pdf\" target=\"_blank\" rel=\"noopener\">STATUTS<\/a> (28.08.2018, PDF, 93 KB)[\/vc_column_text][\/vc_column][\/vc_row]<\/p>\n<\/div>","protected":false},"excerpt":{"rendered":"[vc_row overlay_dotted=\u00a0\u00bb\u00a0\u00bb css=\u00a0\u00bb.vc_custom_1507190800269{margin-right: 0px !important;margin-left: 0px !important;}\u00a0\u00bb][vc_column css=\u00a0\u00bb.vc_custom_1507190791644{padding-right: 0px !important;padding-left: 0px !important;}\u00a0\u00bb][vc_column_text] STRAT\u00c9GIE ET BUTS [\/vc_column_text][\/vc_column][\/vc_row][vc_row overlay_dotted=\u00a0\u00bb\u00a0\u00bb css=\u00a0\u00bb.vc_custom_1507190800269{margin-right: 0px !important;margin-left: 0px !important;}\u00a0\u00bb][vc_column css=\u00a0\u00bb.vc_custom_1507190791644{padding-right: 0px !important;padding-left: 0px !important;}\u00a0\u00bb][vc_column_text] POULIE DE GUIDAGE IPSILON est le leader national en pr\u00e9vention du suicide. Elle soutient, coordonne et met en r\u00e9seau les institutions, organisations, groupes et programmes op\u00e9rationnels dans le &#8230;","protected":false},"author":1,"featured_media":0,"parent":3250,"menu_order":0,"comment_status":"closed","ping_status":"closed","template":"","meta":{"footnotes":""},"class_list":["post-3240","page","type-page","status-publish","hentry"],"_links":{"self":[{"href":"https:\/\/ipsilon.ch\/fr\/wp-json\/wp\/v2\/pages\/3240","targetHints":{"allow":["GET"]}}],"collection":[{"href":"https:\/\/ipsilon.ch\/fr\/wp-json\/wp\/v2\/pages"}],"about":[{"href":"https:\/\/ipsilon.ch\/fr\/wp-json\/wp\/v2\/types\/page"}],"author":[{"embeddable":true,"href":"https:\/\/ipsilon.ch\/fr\/wp-json\/wp\/v2\/users\/1"}],"replies":[{"embeddable":true,"href":"https:\/\/ipsilon.ch\/fr\/wp-json\/wp\/v2\/comments?post=3240"}],"version-history":[{"count":5,"href":"https:\/\/ipsilon.ch\/fr\/wp-json\/wp\/v2\/pages\/3240\/revisions"}],"predecessor-version":[{"id":3281,"href":"https:\/\/ipsilon.ch\/fr\/wp-json\/wp\/v2\/pages\/3240\/revisions\/3281"}],"up":[{"embeddable":true,"href":"https:\/\/ipsilon.ch\/fr\/wp-json\/wp\/v2\/pages\/3250"}],"wp:attachment":[{"href":"https:\/\/ipsilon.ch\/fr\/wp-json\/wp\/v2\/media?parent=3240"}],"curies":[{"name":"wp","href":"https:\/\/api.w.org\/{rel}","templated":true}]}}