{"id":3239,"date":"2023-04-11T14:49:16","date_gmt":"2023-04-11T12:49:16","guid":{"rendered":"https:\/\/ipsilon.ch\/infos-fuer-medienschaffende\/"},"modified":"2023-08-29T11:07:38","modified_gmt":"2023-08-29T09:07:38","slug":"informations-pour-les-professionnels-des-medias","status":"publish","type":"page","link":"https:\/\/ipsilon.ch\/fr\/informations-pour-les-professionnels-des-medias\/","title":{"rendered":"Informations pour les professionnels des m\u00e9dias"},"content":{"rendered":"<div class=\"wpb-content-wrapper\"><p>[vc_row overlay_dotted=\u00a0\u00bb\u00a0\u00bb css=\u00a0\u00bb.vc_custom_1507190800269{margin-right: 0px !important;margin-left: 0px !important;}\u00a0\u00bb][vc_column css=\u00a0\u00bb.vc_custom_1507190791644{padding-right: 0px !important;padding-left: 0px !important;}\u00a0\u00bb][vc_column_text]<\/p>\n<h1>INFORMATIONS POUR LES PROFESSIONNELS DES M\u00c9DIAS<\/h1>\n<p>[\/vc_column_text][\/vc_column][\/vc_row][vc_row overlay_dotted=\u00a0\u00bb\u00a0\u00bb css=\u00a0\u00bb.vc_custom_1507190800269{margin-right: 0px !important;margin-left: 0px !important;}\u00a0\u00bb][vc_column css=\u00a0\u00bb.vc_custom_1507190791644{padding-right: 0px !important;padding-left: 0px !important;}\u00a0\u00bb][vc_column_text]<\/p>\n<div>\n<h3>COMMENT SIGNALER UN SUICIDE ?<\/h3>\n<ul>\n<li>Pr\u00e9senter le suicide comme le r\u00e9sultat d&rsquo;une maladie (par exemple la d\u00e9pression) qui aurait pu \u00eatre trait\u00e9e avec succ\u00e8s<\/li>\n<li>Montrer des solutions alternatives aux probl\u00e8mes et \u00e0 la gestion des crises<\/li>\n<li>Obtenez des avis d&rsquo;experts<\/li>\n<li>Fournissez des informations g\u00e9n\u00e9rales sur les tableaux cliniques (par exemple, d\u00e9pression).<\/li>\n<li>Reportage sur le travail des aides professionnels<\/li>\n<li>Fournir des lignes d&rsquo;assistance et des contacts d&rsquo;aide<\/li>\n<\/ul>\n<\/div>\n<div>\n<h3><\/h3>\n<h3>CONSEILS ET SOUTIEN EN CAS DE SUICIDE<\/h3>\n<p>Si vous signalez un suicide dans votre m\u00e9dia, nous vous recommandons d&rsquo;attirer l&rsquo;attention sur les offres d&rsquo;aide suivantes :<\/p>\n<p>Conseils et soutien en cas de suicide<\/p>\n<p>Conseil:<\/p>\n<ul>\n<li>T\u00e9l. 143 \u2013 Die Dargebotene Hand (www.143.ch) : conseils par t\u00e9l\u00e9phone et par e-mail<\/li>\n<li>T\u00e9l. 147 \u2013 conseils par t\u00e9l\u00e9phone et par courrier pour les jeunes<\/li>\n<\/ul>\n<p>&nbsp;<\/p>\n<p>Soutien aux personnes touch\u00e9es par le suicide :<\/p>\n<ul>\n<li>Mer de brouillard \u2013 Perspectives apr\u00e8s le suicide d&rsquo;un parent<br \/>\n(www.nebelmeer.net)<\/li>\n<\/ul>\n<ul>\n<li>Verein Refugium \u2013 Groupes d\u2019entraide guid\u00e9s pour les personnes d\u00e9pendantes apr\u00e8s un suicide<br \/>\n(<a href=\"http:\/\/www.verein-refugium.ch\/\" target=\"_blank\" rel=\"noopener\">www.verein-refugium.ch<\/a>)<\/li>\n<\/ul>\n<ul>\n<li>Association Rainbow Suisse \u2013 Vivre avec la mort d\u2019un enfant(<a href=\"http:\/\/www.verein-regenbogen.ch\/\" target=\"_blank\" rel=\"noopener\">www.verein-regenbogen.ch<\/a>)<\/li>\n<\/ul>\n<ul>\n<li>Verein trauernetz &#8211; Perspectives apr\u00e8s une perte traumatisante<br \/>\nConseils et informations pour les proches et les sp\u00e9cialistes<br \/>\n(<a href=\"http:\/\/www.trauernetz.ch\/\" target=\"_blank\" rel=\"noopener\">www.trauernetz.ch<\/a>), Directeur J\u00f6rg Weisshaupt, 076 598 45 30<\/li>\n<\/ul>\n<h3><\/h3>\n<h3>M\u00c9DIAS ET SUICIDE<\/h3>\n<h4>un guide pour les professionnels des m\u00e9dias<\/h4>\n<div id=\"mediaviewerbox\">\n<div class=\"webiqfilelink\"><span class=\"webiqfilelegend\"><a href=\"https:\/\/ipsilon.ch\/wp-content\/uploads\/2023\/04\/Mediaguidelines_Print_d-1.pdf\" target=\"_blank\" rel=\"noopener\">Mediaguidelines\u00a0\u00a0<\/a>\u00a0(26.02.2015, PDF, 735 KB)<\/span><\/div>\n<\/div>\n<\/div>\n<p>[\/vc_column_text][\/vc_column][\/vc_row]<\/p>\n<\/div>","protected":false},"excerpt":{"rendered":"[vc_row overlay_dotted=\u00a0\u00bb\u00a0\u00bb css=\u00a0\u00bb.vc_custom_1507190800269{margin-right: 0px !important;margin-left: 0px !important;}\u00a0\u00bb][vc_column css=\u00a0\u00bb.vc_custom_1507190791644{padding-right: 0px !important;padding-left: 0px !important;}\u00a0\u00bb][vc_column_text] INFORMATIONS POUR LES PROFESSIONNELS DES M\u00c9DIAS [\/vc_column_text][\/vc_column][\/vc_row][vc_row overlay_dotted=\u00a0\u00bb\u00a0\u00bb css=\u00a0\u00bb.vc_custom_1507190800269{margin-right: 0px !important;margin-left: 0px !important;}\u00a0\u00bb][vc_column css=\u00a0\u00bb.vc_custom_1507190791644{padding-right: 0px !important;padding-left: 0px !important;}\u00a0\u00bb][vc_column_text] COMMENT SIGNALER UN SUICIDE ? Pr\u00e9senter le suicide comme le r\u00e9sultat d&rsquo;une maladie (par exemple la d\u00e9pression) qui aurait pu \u00eatre trait\u00e9e avec succ\u00e8s Montrer &#8230;","protected":false},"author":1,"featured_media":0,"parent":0,"menu_order":0,"comment_status":"closed","ping_status":"closed","template":"","meta":{"footnotes":""},"class_list":["post-3239","page","type-page","status-publish","hentry"],"_links":{"self":[{"href":"https:\/\/ipsilon.ch\/fr\/wp-json\/wp\/v2\/pages\/3239","targetHints":{"allow":["GET"]}}],"collection":[{"href":"https:\/\/ipsilon.ch\/fr\/wp-json\/wp\/v2\/pages"}],"about":[{"href":"https:\/\/ipsilon.ch\/fr\/wp-json\/wp\/v2\/types\/page"}],"author":[{"embeddable":true,"href":"https:\/\/ipsilon.ch\/fr\/wp-json\/wp\/v2\/users\/1"}],"replies":[{"embeddable":true,"href":"https:\/\/ipsilon.ch\/fr\/wp-json\/wp\/v2\/comments?post=3239"}],"version-history":[{"count":3,"href":"https:\/\/ipsilon.ch\/fr\/wp-json\/wp\/v2\/pages\/3239\/revisions"}],"predecessor-version":[{"id":3269,"href":"https:\/\/ipsilon.ch\/fr\/wp-json\/wp\/v2\/pages\/3239\/revisions\/3269"}],"wp:attachment":[{"href":"https:\/\/ipsilon.ch\/fr\/wp-json\/wp\/v2\/media?parent=3239"}],"curies":[{"name":"wp","href":"https:\/\/api.w.org\/{rel}","templated":true}]}}