{"id":3238,"date":"2023-05-11T10:46:00","date_gmt":"2023-05-11T08:46:00","guid":{"rendered":"https:\/\/ipsilon.ch\/ipsilon-research-group\/"},"modified":"2023-10-19T15:38:41","modified_gmt":"2023-10-19T13:38:41","slug":"ipsilon-research-group","status":"publish","type":"page","link":"https:\/\/ipsilon.ch\/fr\/ipsilon-research-group\/","title":{"rendered":"IPSILON Research Group"},"content":{"rendered":"<div class=\"wpb-content-wrapper\"><p>[vc_row overlay_dotted=\u00a0\u00bb\u00a0\u00bb css=\u00a0\u00bb.vc_custom_1507190800269{margin-right: 0px !important;margin-left: 0px !important;}\u00a0\u00bb][vc_column css=\u00a0\u00bb.vc_custom_1507190791644{padding-right: 0px !important;padding-left: 0px !important;}\u00a0\u00bb][vc_column_text]<\/p>\n<h1>IPSILON RESEARCH GROUP<\/h1>\n<p>[\/vc_column_text][\/vc_column][\/vc_row][vc_row overlay_dotted=\u00a0\u00bb\u00a0\u00bb css=\u00a0\u00bb.vc_custom_1507190800269{margin-right: 0px !important;margin-left: 0px !important;}\u00a0\u00bb][vc_column css=\u00a0\u00bb.vc_custom_1507190791644{padding-right: 0px !important;padding-left: 0px !important;}\u00a0\u00bb][\/vc_column][\/vc_row][vc_row][vc_column][vc_wp_text]<\/p>\n<div>\n<p>Die Ipsilon Research Group ist eine nationale Gruppe von Forschenden in der Schweiz, die sich zum Ziel gesetzt hat, die Vernetzung von Wissenschaftlern in diesem Bereich zu f\u00f6rdern. Unser Hauptanliegen ist die Unterst\u00fctzung der wissenschaftlichen Untersuchung der Suizidpr\u00e4vention in der Schweiz.<\/p>\n<\/div>\n<div>\n<p>Unser Hauptziel liegt auf der Vernetzung und F\u00f6rderung wissenschaftlicher Untersuchungen im Bereich der Suizidpr\u00e4vention. Die Ipsilon Research Group besteht aus Wissenschaftlern aus verschiedenen Disziplinen, darunter Psychologie, Soziologie, Medizin und Public Health. Diese interdisziplin\u00e4re Zusammenarbeit erm\u00f6glicht es uns, vielf\u00e4ltige Perspektiven und Ans\u00e4tze zu integrieren, um die Herausforderungen im Bereich der Suizidpr\u00e4vention besser zu verstehen und wirksame Strategien zu entwickeln.<\/p>\n<\/div>\n<div>\n<p>Wir organisieren regelm\u00e4\u00dfige Forschungstreffen, um den Austausch von Ideen und die Zusammenarbeit zwischen den Mitgliedern unserer Gruppe zu f\u00f6rdern. Dar\u00fcber hinaus arbeiten wir eng mit anderen nationalen und internationalen Organisationen (z.B. die Bernsteinstiftung, B\u00fcndnis gegen Depression, Suizidprophylaxe) zusammen, um die Forschung in der Schweiz auf dem Gebiet der Suizidpr\u00e4vention zu st\u00e4rken und die Ergebnisse unserer Arbeit in die Praxis umzusetzen zu k\u00f6nnen.<\/p>\n<\/div>\n<div>\n<p>Die Ipsilon Research Group ist bestrebt, einen bedeutenden Beitrag zur nationale und internationalen Suizidpr\u00e4vention zu leisten, indem sie Forscher zusammenbringt, innovative Ans\u00e4tze f\u00f6rdert und die wissenschaftliche Grundlage f\u00fcr effektive Pr\u00e4ventionsstrategien st\u00e4rkt. Wir sind fest davon \u00fcberzeugt, dass durch unsere gemeinsamen Bem\u00fchungen das Leben von Menschen gesch\u00fctzt und Suizide reduziert werden k\u00f6nnen.<\/p>\n<\/div>\n<p>[\/vc_wp_text][\/vc_column][\/vc_row]<\/p>\n<\/div>","protected":false},"excerpt":{"rendered":"[vc_row overlay_dotted=\u00a0\u00bb\u00a0\u00bb css=\u00a0\u00bb.vc_custom_1507190800269{margin-right: 0px !important;margin-left: 0px !important;}\u00a0\u00bb][vc_column css=\u00a0\u00bb.vc_custom_1507190791644{padding-right: 0px !important;padding-left: 0px !important;}\u00a0\u00bb][vc_column_text] IPSILON RESEARCH GROUP [\/vc_column_text][\/vc_column][\/vc_row][vc_row overlay_dotted=\u00a0\u00bb\u00a0\u00bb css=\u00a0\u00bb.vc_custom_1507190800269{margin-right: 0px !important;margin-left: 0px !important;}\u00a0\u00bb][vc_column css=\u00a0\u00bb.vc_custom_1507190791644{padding-right: 0px !important;padding-left: 0px !important;}\u00a0\u00bb][\/vc_column][\/vc_row][vc_row][vc_column][vc_wp_text] Die Ipsilon Research Group ist eine nationale Gruppe von Forschenden in der Schweiz, die sich zum Ziel gesetzt hat, die Vernetzung von Wissenschaftlern in diesem Bereich zu f\u00f6rdern. &#8230;","protected":false},"author":4,"featured_media":0,"parent":0,"menu_order":0,"comment_status":"closed","ping_status":"closed","template":"","meta":{"footnotes":""},"class_list":["post-3238","page","type-page","status-publish","hentry"],"_links":{"self":[{"href":"https:\/\/ipsilon.ch\/fr\/wp-json\/wp\/v2\/pages\/3238","targetHints":{"allow":["GET"]}}],"collection":[{"href":"https:\/\/ipsilon.ch\/fr\/wp-json\/wp\/v2\/pages"}],"about":[{"href":"https:\/\/ipsilon.ch\/fr\/wp-json\/wp\/v2\/types\/page"}],"author":[{"embeddable":true,"href":"https:\/\/ipsilon.ch\/fr\/wp-json\/wp\/v2\/users\/4"}],"replies":[{"embeddable":true,"href":"https:\/\/ipsilon.ch\/fr\/wp-json\/wp\/v2\/comments?post=3238"}],"version-history":[{"count":2,"href":"https:\/\/ipsilon.ch\/fr\/wp-json\/wp\/v2\/pages\/3238\/revisions"}],"predecessor-version":[{"id":3650,"href":"https:\/\/ipsilon.ch\/fr\/wp-json\/wp\/v2\/pages\/3238\/revisions\/3650"}],"wp:attachment":[{"href":"https:\/\/ipsilon.ch\/fr\/wp-json\/wp\/v2\/media?parent=3238"}],"curies":[{"name":"wp","href":"https:\/\/api.w.org\/{rel}","templated":true}]}}