{"id":3236,"date":"2023-08-15T11:15:59","date_gmt":"2023-08-15T09:15:59","guid":{"rendered":"https:\/\/ipsilon.ch\/ueber-uns\/"},"modified":"2023-08-29T10:56:04","modified_gmt":"2023-08-29T08:56:04","slug":"qui-sommes-nous","status":"publish","type":"page","link":"https:\/\/ipsilon.ch\/fr\/nous-nous-presentons\/qui-sommes-nous\/","title":{"rendered":"Qui sommes nous?"},"content":{"rendered":"<div class=\"wpb-content-wrapper\"><p>[vc_row overlay_dotted=\u00a0\u00bb\u00a0\u00bb css=\u00a0\u00bb.vc_custom_1507190800269{margin-right: 0px !important;margin-left: 0px !important;}\u00a0\u00bb][vc_column css=\u00a0\u00bb.vc_custom_1507190791644{padding-right: 0px !important;padding-left: 0px !important;}\u00a0\u00bb][vc_column_text]<\/p>\n<h1>QUI SOMMES-NOUS?<\/h1>\n<p>[\/vc_column_text][\/vc_column][\/vc_row][vc_row overlay_dotted=\u00a0\u00bb\u00a0\u00bb css=\u00a0\u00bb.vc_custom_1507190800269{margin-right: 0px !important;margin-left: 0px !important;}\u00a0\u00bb][vc_column css=\u00a0\u00bb.vc_custom_1507190791644{padding-right: 0px !important;padding-left: 0px !important;}\u00a0\u00bb][vc_column_text]L&rsquo;organisation fa\u00eeti\u00e8re nationale IPSILON a \u00e9t\u00e9 fond\u00e9e par des organisations et des institutions qui s&rsquo;occupent du th\u00e8me de la pr\u00e9vention et de la postvention du suicide dans leur travail quotidien.<\/p>\n<p>L\u2019objectif est de proposer un bureau de coordination national qui apporte un appui en expertise technique et politique. L&rsquo;IPSILON est le porte-parole national et la r\u00e9f\u00e9rence de cette pr\u00e9occupation et rassemble des experts de diff\u00e9rents m\u00e9tiers et domaines d&rsquo;action.<\/p>\n<p><strong>Le conseil d&rsquo;administration d&rsquo;Ipsilon travaille sur une base b\u00e9n\u00e9vole et repr\u00e9sente \u00e0 la fois diff\u00e9rentes professions et diff\u00e9rentes r\u00e9gions linguistiques de Suisse.<\/strong>[\/vc_column_text][\/vc_column][\/vc_row]<\/p>\n<\/div>","protected":false},"excerpt":{"rendered":"[vc_row overlay_dotted=\u00a0\u00bb\u00a0\u00bb css=\u00a0\u00bb.vc_custom_1507190800269{margin-right: 0px !important;margin-left: 0px !important;}\u00a0\u00bb][vc_column css=\u00a0\u00bb.vc_custom_1507190791644{padding-right: 0px !important;padding-left: 0px !important;}\u00a0\u00bb][vc_column_text] QUI SOMMES-NOUS? [\/vc_column_text][\/vc_column][\/vc_row][vc_row overlay_dotted=\u00a0\u00bb\u00a0\u00bb css=\u00a0\u00bb.vc_custom_1507190800269{margin-right: 0px !important;margin-left: 0px !important;}\u00a0\u00bb][vc_column css=\u00a0\u00bb.vc_custom_1507190791644{padding-right: 0px !important;padding-left: 0px !important;}\u00a0\u00bb][vc_column_text]L&rsquo;organisation fa\u00eeti\u00e8re nationale IPSILON a \u00e9t\u00e9 fond\u00e9e par des organisations et des institutions qui s&rsquo;occupent du th\u00e8me de la pr\u00e9vention et de la postvention du suicide dans leur travail quotidien. &#8230;","protected":false},"author":1,"featured_media":0,"parent":3250,"menu_order":0,"comment_status":"closed","ping_status":"closed","template":"","meta":{"footnotes":""},"class_list":["post-3236","page","type-page","status-publish","hentry"],"_links":{"self":[{"href":"https:\/\/ipsilon.ch\/fr\/wp-json\/wp\/v2\/pages\/3236","targetHints":{"allow":["GET"]}}],"collection":[{"href":"https:\/\/ipsilon.ch\/fr\/wp-json\/wp\/v2\/pages"}],"about":[{"href":"https:\/\/ipsilon.ch\/fr\/wp-json\/wp\/v2\/types\/page"}],"author":[{"embeddable":true,"href":"https:\/\/ipsilon.ch\/fr\/wp-json\/wp\/v2\/users\/1"}],"replies":[{"embeddable":true,"href":"https:\/\/ipsilon.ch\/fr\/wp-json\/wp\/v2\/comments?post=3236"}],"version-history":[{"count":4,"href":"https:\/\/ipsilon.ch\/fr\/wp-json\/wp\/v2\/pages\/3236\/revisions"}],"predecessor-version":[{"id":3254,"href":"https:\/\/ipsilon.ch\/fr\/wp-json\/wp\/v2\/pages\/3236\/revisions\/3254"}],"up":[{"embeddable":true,"href":"https:\/\/ipsilon.ch\/fr\/wp-json\/wp\/v2\/pages\/3250"}],"wp:attachment":[{"href":"https:\/\/ipsilon.ch\/fr\/wp-json\/wp\/v2\/media?parent=3236"}],"curies":[{"name":"wp","href":"https:\/\/api.w.org\/{rel}","templated":true}]}}