{"id":3235,"date":"2023-08-29T08:15:19","date_gmt":"2023-08-29T06:15:19","guid":{"rendered":"https:\/\/ipsilon.ch\/impressum\/"},"modified":"2023-08-29T11:09:10","modified_gmt":"2023-08-29T09:09:10","slug":"imprimer","status":"publish","type":"page","link":"https:\/\/ipsilon.ch\/fr\/imprimer\/","title":{"rendered":"Imprimer"},"content":{"rendered":"<h2>Responsable du contenu<\/h2>\n<p>Verein Ipsilon<br \/>\nSchweiz<\/p>\n<h2>Repr\u00e9sentants autoris\u00e9s<\/h2>\n<p>Name<\/p>\n<h2>Clause de non-responsabilit\u00e9<\/h2>\n<p>L&rsquo;auteur n&rsquo;assume aucune responsabilit\u00e9 quant \u00e0 l&rsquo;exactitude, l&rsquo;exactitude, l&rsquo;actualit\u00e9, la fiabilit\u00e9 et l&rsquo;exhaustivit\u00e9 des informations.<\/p>\n<p>Les r\u00e9clamations en responsabilit\u00e9 contre l&rsquo;auteur pour des dommages mat\u00e9riels ou immat\u00e9riels r\u00e9sultant de l&rsquo;acc\u00e8s, de l&rsquo;utilisation ou de la non-utilisation des informations publi\u00e9es, d&rsquo;une mauvaise utilisation de la connexion ou de d\u00e9fauts techniques sont exclues.<\/p>\n<p>Toutes les offres sont sans engagement. L&rsquo;auteur se r\u00e9serve express\u00e9ment le droit de modifier, de compl\u00e9ter ou de supprimer des parties de pages ou l&rsquo;ensemble de l&rsquo;offre sans pr\u00e9avis ou d&rsquo;interrompre temporairement ou d\u00e9finitivement la publication.<\/p>\n<h2>Responsabilit\u00e9 pour les liens<\/h2>\n<p>Les r\u00e9f\u00e9rences et liens vers des sites Web de tiers ne rel\u00e8vent pas de notre domaine de responsabilit\u00e9 et toute responsabilit\u00e9 concernant ces sites Web est rejet\u00e9e. L&rsquo;acc\u00e8s et l&rsquo;utilisation de ces sites Web se font aux propres risques de l&rsquo;utilisateur.<\/p>\n<h2>Droits d&rsquo;auteur<\/h2>\n<p>Les droits d&rsquo;auteur et tous les autres droits sur les contenus, images, photos ou autres fichiers du site appartiennent exclusivement \u00e0 <strong>l&rsquo;association Ipsilon<\/strong> ou aux ayants droit sp\u00e9cifiquement d\u00e9sign\u00e9s. L&rsquo;autorisation \u00e9crite des titulaires des droits d&rsquo;auteur doit \u00eatre obtenue au pr\u00e9alable pour la reproduction de tout \u00e9l\u00e9ment.<\/p>\n","protected":false},"excerpt":{"rendered":"Responsable du contenu Verein Ipsilon Schweiz Repr\u00e9sentants autoris\u00e9s Name Clause de non-responsabilit\u00e9 L&rsquo;auteur n&rsquo;assume aucune responsabilit\u00e9 quant \u00e0 l&rsquo;exactitude, l&rsquo;exactitude, l&rsquo;actualit\u00e9, la fiabilit\u00e9 et l&rsquo;exhaustivit\u00e9 des informations. Les r\u00e9clamations en responsabilit\u00e9 contre l&rsquo;auteur pour des dommages mat\u00e9riels ou immat\u00e9riels r\u00e9sultant de l&rsquo;acc\u00e8s, de l&rsquo;utilisation ou de la non-utilisation des informations publi\u00e9es, d&rsquo;une mauvaise utilisation de &#8230;","protected":false},"author":1,"featured_media":0,"parent":0,"menu_order":0,"comment_status":"closed","ping_status":"closed","template":"","meta":{"footnotes":""},"class_list":["post-3235","page","type-page","status-publish","hentry"],"_links":{"self":[{"href":"https:\/\/ipsilon.ch\/fr\/wp-json\/wp\/v2\/pages\/3235","targetHints":{"allow":["GET"]}}],"collection":[{"href":"https:\/\/ipsilon.ch\/fr\/wp-json\/wp\/v2\/pages"}],"about":[{"href":"https:\/\/ipsilon.ch\/fr\/wp-json\/wp\/v2\/types\/page"}],"author":[{"embeddable":true,"href":"https:\/\/ipsilon.ch\/fr\/wp-json\/wp\/v2\/users\/1"}],"replies":[{"embeddable":true,"href":"https:\/\/ipsilon.ch\/fr\/wp-json\/wp\/v2\/comments?post=3235"}],"version-history":[{"count":3,"href":"https:\/\/ipsilon.ch\/fr\/wp-json\/wp\/v2\/pages\/3235\/revisions"}],"predecessor-version":[{"id":3272,"href":"https:\/\/ipsilon.ch\/fr\/wp-json\/wp\/v2\/pages\/3235\/revisions\/3272"}],"wp:attachment":[{"href":"https:\/\/ipsilon.ch\/fr\/wp-json\/wp\/v2\/media?parent=3235"}],"curies":[{"name":"wp","href":"https:\/\/api.w.org\/{rel}","templated":true}]}}