{"id":3232,"date":"2017-10-20T05:19:04","date_gmt":"2017-10-20T03:19:04","guid":{"rendered":"https:\/\/ipsilon.ch\/accueil\/"},"modified":"2023-08-29T11:11:05","modified_gmt":"2023-08-29T09:11:05","slug":"accueil","status":"publish","type":"page","link":"https:\/\/ipsilon.ch\/fr\/","title":{"rendered":"Accueil"},"content":{"rendered":"<div class=\"wpb-content-wrapper\"><p>[vc_row full_width=\u00a0\u00bbstretch_row_content_no_spaces\u00a0\u00bb overlay_dotted=\u00a0\u00bb\u00a0\u00bb][vc_column][\/vc_column][\/vc_row][vc_row full_width=\u00a0\u00bbstretch_row_content_no_spaces\u00a0\u00bb overlay_dotted=\u00a0\u00bb\u00a0\u00bb css=\u00a0\u00bb.vc_custom_1692098156038{margin-bottom: 30px !important;padding-right: 30px !important;padding-left: 30px !important;background-color: #fdb913 !important;}\u00a0\u00bb][vc_column][vc_column_text]<\/p>\n<h1 style=\"text-align: center;\">IPSILON, INITIATIVE DE PR\u00c9VENTION DU SUICIDE EN SUISSE<\/h1>\n<p>[\/vc_column_text][\/vc_column][\/vc_row][vc_row][vc_column css=\u00a0\u00bb.vc_custom_1501758001382{margin-top: -35px !important;}\u00a0\u00bb][vc_column_text]En Suisse, pr\u00e8s de trois fois plus de personnes meurent par suicide que par accident de la route et pr\u00e8s de 30 fois plus que par le sida.<\/p>\n<p>Une grande partie d\u2019entre eux sont des adolescents, des jeunes adultes mais aussi des personnes \u00e2g\u00e9es. Les proches et les amis sont g\u00e9n\u00e9ralement compl\u00e8tement inattendus &#8211; pour eux, c&rsquo;est une catastrophe familiale.<\/p>\n<p>Comparativement \u00e0 d\u2019autres pays, la Suisse fait peu d\u2019efforts pour pr\u00e9venir le suicide. Il y a un manque de connaissances, de compr\u00e9hension et de structures. Il y a un grand besoin d\u2019action \u2013 de nombreuses souffrances pourraient \u00eatre soulag\u00e9es.[\/vc_column_text][\/vc_column][\/vc_row][vc_row overlay_dotted=\u00a0\u00bb\u00a0\u00bb css=\u00a0\u00bb.vc_custom_1684843781979{margin-top: 0px !important;margin-bottom: 20px !important;padding-right: 0px !important;padding-left: 0px !important;}\u00a0\u00bb][vc_column css=\u00a0\u00bb.vc_custom_1507705104971{padding-top: 0px !important;}\u00a0\u00bb][vc_column_text]L&rsquo;organisation fa\u00eeti\u00e8re nationale IPSILON a \u00e9t\u00e9 fond\u00e9e par des organisations et des institutions confront\u00e9es quotidiennement au suicide dans leur travail.<\/p>\n<p>L\u2019objectif est de cr\u00e9er un bureau de coordination national qui vous soutiendra avec ses comp\u00e9tences techniques, morales et politiques. L&rsquo;IPSILON est le porte-parole national et la r\u00e9f\u00e9rence en la mati\u00e8re.[\/vc_column_text][\/vc_column][\/vc_row][vc_row gap=\u00a0\u00bb10&Prime; equal_height=\u00a0\u00bbyes\u00a0\u00bb content_placement=\u00a0\u00bbtop\u00a0\u00bb overlay_dotted=\u00a0\u00bb\u00a0\u00bb css=\u00a0\u00bb.vc_custom_1684844003320{background-color: #ffffff !important;}\u00a0\u00bb][vc_column width=\u00a0\u00bb1\/4&Prime; css=\u00a0\u00bb.vc_custom_1684846313865{margin-right: 10px !important;margin-left: 10px !important;padding-top: 40px !important;background-color: #fdb913 !important;}\u00a0\u00bb][vc_column_text]<\/p>\n<h4>Nous nous pr\u00e9sentons<\/h4>\n<p><a href=\"https:\/\/ipsilon.ch\/fr\/nous-nous-presentons\/strategie-et-buts\/\">Strat\u00e9gie et buts<\/a><br \/>\n<a href=\"https:\/\/ipsilon.ch\/wp-content\/uploads\/2023\/04\/Statuten.pdf\">Statuts<\/a><br \/>\n<a href=\"https:\/\/ipsilon.ch\/fr\/nous-nous-presentons\/comite\/\">Comit\u00e9<\/a><br \/>\n<a href=\"https:\/\/ipsilon.ch\/fr\/nous-nous-presentons\/membres\/\">Membres<\/a>[\/vc_column_text][\/vc_column][vc_column width=\u00a0\u00bb1\/4&Prime; css=\u00a0\u00bb.vc_custom_1684843755666{margin-right: 10px !important;margin-left: 10px !important;background-color: #fdb913 !important;}\u00a0\u00bb][vc_column_text]<\/p>\n<h4>IPSILON Research Group<\/h4>\n<p>Suivez les informations.[\/vc_column_text][\/vc_column][vc_column width=\u00a0\u00bb1\/4&Prime; css=\u00a0\u00bb.vc_custom_1684843764104{margin-right: 10px !important;margin-left: 10px !important;background-color: #fdb913 !important;}\u00a0\u00bb][vc_column_text]<\/p>\n<h4>Informations pour les professionnels des m\u00e9dias<\/h4>\n<p>Lignes directrices pour les m\u00e9dias<br \/>\n<a href=\"https:\/\/ind.obsan.admin.ch\/fr\/indicator\/obsan\/suicide-et-suicide-assiste\" target=\"_blank\" rel=\"noopener\">Statistiques actuelles<\/a> (obsan.ch)[\/vc_column_text][\/vc_column][vc_column width=\u00a0\u00bb1\/4&Prime; css=\u00a0\u00bb.vc_custom_1684846318459{margin-right: 10px !important;margin-left: 10px !important;background-color: #fdb913 !important;}\u00a0\u00bb][vc_column_text]<\/p>\n<h4>Informations pour les personnes concern\u00e9es, l&rsquo;environnement et les survivants<\/h4>\n<p><a href=\"https:\/\/www.parler-peut-sauver.ch\/\" target=\"_blank\" rel=\"noopener\">parler-peut-sauver.ch\/<\/a>[\/vc_column_text][\/vc_column][\/vc_row][vc_row gap=\u00a0\u00bb10&Prime; equal_height=\u00a0\u00bbyes\u00a0\u00bb content_placement=\u00a0\u00bbtop\u00a0\u00bb overlay_dotted=\u00a0\u00bb\u00a0\u00bb css=\u00a0\u00bb.vc_custom_1684846832002{margin-top: 20px !important;margin-bottom: 100px !important;}\u00a0\u00bb][vc_column width=\u00a0\u00bb1\/2&Prime; css=\u00a0\u00bb.vc_custom_1684846348717{margin-right: 10px !important;margin-left: 10px !important;border-top-width: 10px !important;border-right-width: 10px !important;border-bottom-width: 10px !important;border-left-width: 10px !important;padding-top: 40px !important;border-left-color: #fdb913 !important;border-left-style: solid !important;border-right-color: #fdb913 !important;border-right-style: solid !important;border-top-color: #fdb913 !important;border-top-style: solid !important;border-bottom-color: #fdb913 !important;border-bottom-style: solid !important;}\u00a0\u00bb][vc_column_text]<\/p>\n<h4>\u00c9v\u00e9nements et avis<\/h4>\n<p>[\/vc_column_text][vc_basic_grid post_type=\u00a0\u00bbpost\u00a0\u00bb max_items=\u00a0\u00bb2&Prime; style=\u00a0\u00bbload-more\u00a0\u00bb items_per_page=\u00a0\u00bb2&Prime; element_width=\u00a0\u00bb12&Prime; gap=\u00a0\u00bb10&Prime; item=\u00a0\u00bb3088&Prime; grid_id=\u00a0\u00bbvc_gid:1693300178962-50cb1666-30a2-9&Prime; taxonomies=\u00a0\u00bb5&Prime;][\/vc_column][vc_column width=\u00a0\u00bb1\/2&Prime; css=\u00a0\u00bb.vc_custom_1684846357262{margin-right: 10px !important;border-top-width: 10px !important;border-right-width: 10px !important;border-bottom-width: 10px !important;border-left-width: 10px !important;border-left-color: #fdb913 !important;border-left-style: solid !important;border-right-color: #fdb913 !important;border-right-style: solid !important;border-top-color: #fdb913 !important;border-top-style: solid !important;border-bottom-color: #fdb913 !important;border-bottom-style: solid !important;}\u00a0\u00bb][vc_column_text]<\/p>\n<h4>\u00c9tudes<\/h4>\n<p>[\/vc_column_text][vc_basic_grid post_type=\u00a0\u00bbpost\u00a0\u00bb max_items=\u00a0\u00bb2&Prime; style=\u00a0\u00bbload-more\u00a0\u00bb items_per_page=\u00a0\u00bb2&Prime; element_width=\u00a0\u00bb12&Prime; gap=\u00a0\u00bb10&Prime; item=\u00a0\u00bb3088&Prime; grid_id=\u00a0\u00bbvc_gid:1693300178963-b05d4b7a-7a3e-10&Prime; taxonomies=\u00a0\u00bb51&Prime;][\/vc_column][\/vc_row]<\/p>\n<\/div>","protected":false},"excerpt":{"rendered":"[vc_row full_width=\u00a0\u00bbstretch_row_content_no_spaces\u00a0\u00bb overlay_dotted=\u00a0\u00bb\u00a0\u00bb][vc_column][\/vc_column][\/vc_row][vc_row full_width=\u00a0\u00bbstretch_row_content_no_spaces\u00a0\u00bb overlay_dotted=\u00a0\u00bb\u00a0\u00bb css=\u00a0\u00bb.vc_custom_1692098156038{margin-bottom: 30px !important;padding-right: 30px !important;padding-left: 30px !important;background-color: #fdb913 !important;}\u00a0\u00bb][vc_column][vc_column_text] IPSILON, INITIATIVE DE PR\u00c9VENTION DU SUICIDE EN SUISSE [\/vc_column_text][\/vc_column][\/vc_row][vc_row][vc_column css=\u00a0\u00bb.vc_custom_1501758001382{margin-top: -35px !important;}\u00a0\u00bb][vc_column_text]En Suisse, pr\u00e8s de trois fois plus de personnes meurent par suicide que par accident de la route et pr\u00e8s de 30 fois plus que par le sida. Une grande &#8230;","protected":false},"author":1,"featured_media":0,"parent":0,"menu_order":0,"comment_status":"closed","ping_status":"closed","template":"","meta":{"footnotes":""},"class_list":["post-3232","page","type-page","status-publish","hentry"],"_links":{"self":[{"href":"https:\/\/ipsilon.ch\/fr\/wp-json\/wp\/v2\/pages\/3232","targetHints":{"allow":["GET"]}}],"collection":[{"href":"https:\/\/ipsilon.ch\/fr\/wp-json\/wp\/v2\/pages"}],"about":[{"href":"https:\/\/ipsilon.ch\/fr\/wp-json\/wp\/v2\/types\/page"}],"author":[{"embeddable":true,"href":"https:\/\/ipsilon.ch\/fr\/wp-json\/wp\/v2\/users\/1"}],"replies":[{"embeddable":true,"href":"https:\/\/ipsilon.ch\/fr\/wp-json\/wp\/v2\/comments?post=3232"}],"version-history":[{"count":4,"href":"https:\/\/ipsilon.ch\/fr\/wp-json\/wp\/v2\/pages\/3232\/revisions"}],"predecessor-version":[{"id":3275,"href":"https:\/\/ipsilon.ch\/fr\/wp-json\/wp\/v2\/pages\/3232\/revisions\/3275"}],"wp:attachment":[{"href":"https:\/\/ipsilon.ch\/fr\/wp-json\/wp\/v2\/media?parent=3232"}],"curies":[{"name":"wp","href":"https:\/\/api.w.org\/{rel}","templated":true}]}}